{"id":16,"date":"2019-01-08T11:07:32","date_gmt":"2019-01-08T10:07:32","guid":{"rendered":"https:\/\/theatre-recamier.fr\/?page_id=16"},"modified":"2026-04-14T10:37:41","modified_gmt":"2026-04-14T08:37:41","slug":"accueil","status":"publish","type":"page","link":"https:\/\/theatre-recamier.fr\/","title":{"rendered":"Accueil"},"content":{"rendered":"<div class=\"et_pb_section_0 et_pb_section et_pb_fullwidth_section et_section_regular et_block_section\"><section class=\"et_pb_fullwidth_header_0 et_pb_fullwidth_header et_pb_fullscreen et_pb_bg_layout_dark et_pb_text_align_center et_animated et_pb_module et_flex_module\"><div class=\"et_pb_fullwidth_header_container center\"><div class=\"header-content-container center\"><div class=\"header-content et_flex_module\"><div class=\"et_pb_header_content_wrapper\"><p><img loading=\"lazy\" decoding=\"async\" class=\"alignnone size-medium wp-image-181\" src=\"https:\/\/theatre-recamier.fr\/wp-content\/uploads\/2019\/03\/Logo-Home-250x300.png\" alt=\"\" width=\"250\" height=\"300\" srcset=\"https:\/\/theatre-recamier.fr\/wp-content\/uploads\/2019\/03\/Logo-Home-250x300.png 250w, https:\/\/theatre-recamier.fr\/wp-content\/uploads\/2019\/03\/Logo-Home-610x733.png 610w, https:\/\/theatre-recamier.fr\/wp-content\/uploads\/2019\/03\/Logo-Home.png 612w\" sizes=\"(max-width: 250px) 100vw, 250px\" \/><\/p>\n<\/div><div class=\"et_pb_header_button_wrapper\"><\/div><\/div><\/div><\/div><div class=\"et_pb_fullwidth_header_overlay\"><\/div><div class=\"et_pb_fullwidth_header_scroll\"><\/div><\/section><\/div>","protected":false},"excerpt":{"rendered":"","protected":false},"author":1,"featured_media":0,"parent":0,"menu_order":0,"comment_status":"closed","ping_status":"closed","template":"","meta":{"footnotes":""},"class_list":["post-16","page","type-page","status-publish","hentry"],"yoast_head":"<!-- This site is optimized with the Yoast SEO plugin v27.3 - https:\/\/yoast.com\/product\/yoast-seo-wordpress\/ -->\n<title>Accueil - Th\u00e9\u00e2tre R\u00e9camier<\/title>\n<meta name=\"robots\" content=\"noindex, follow, max-snippet:-1, max-image-preview:large, max-video-preview:-1\" \/>\n<meta property=\"og:locale\" content=\"fr_FR\" \/>\n<meta property=\"og:type\" content=\"article\" \/>\n<meta property=\"og:title\" content=\"Accueil - Th\u00e9\u00e2tre R\u00e9camier\" \/>\n<meta property=\"og:url\" content=\"https:\/\/theatre-recamier.fr\/\" \/>\n<meta property=\"og:site_name\" content=\"Th\u00e9\u00e2tre R\u00e9camier\" \/>\n<meta property=\"article:modified_time\" content=\"2026-04-14T08:37:41+00:00\" \/>\n<meta name=\"twitter:card\" content=\"summary_large_image\" \/>\n<script type=\"application\/ld+json\" class=\"yoast-schema-graph\">{\"@context\":\"https:\\\/\\\/schema.org\",\"@graph\":[{\"@type\":\"WebPage\",\"@id\":\"https:\\\/\\\/theatre-recamier.fr\\\/\",\"url\":\"https:\\\/\\\/theatre-recamier.fr\\\/\",\"name\":\"Accueil - Th\u00e9\u00e2tre R\u00e9camier\",\"isPartOf\":{\"@id\":\"https:\\\/\\\/theatre-recamier.fr\\\/#website\"},\"datePublished\":\"2019-01-08T10:07:32+00:00\",\"dateModified\":\"2026-04-14T08:37:41+00:00\",\"breadcrumb\":{\"@id\":\"https:\\\/\\\/theatre-recamier.fr\\\/#breadcrumb\"},\"inLanguage\":\"fr-FR\",\"potentialAction\":[{\"@type\":\"ReadAction\",\"target\":[\"https:\\\/\\\/theatre-recamier.fr\\\/\"]}]},{\"@type\":\"BreadcrumbList\",\"@id\":\"https:\\\/\\\/theatre-recamier.fr\\\/#breadcrumb\",\"itemListElement\":[{\"@type\":\"ListItem\",\"position\":1,\"name\":\"Accueil\",\"item\":\"https:\\\/\\\/theatre-recamier.fr\\\/\"},{\"@type\":\"ListItem\",\"position\":2,\"name\":\"Accueil\"}]},{\"@type\":\"WebSite\",\"@id\":\"https:\\\/\\\/theatre-recamier.fr\\\/#website\",\"url\":\"https:\\\/\\\/theatre-recamier.fr\\\/\",\"name\":\"Th\u00e9\u00e2tre R\u00e9camier\",\"description\":\"\",\"potentialAction\":[{\"@type\":\"SearchAction\",\"target\":{\"@type\":\"EntryPoint\",\"urlTemplate\":\"https:\\\/\\\/theatre-recamier.fr\\\/?s={search_term_string}\"},\"query-input\":{\"@type\":\"PropertyValueSpecification\",\"valueRequired\":true,\"valueName\":\"search_term_string\"}}],\"inLanguage\":\"fr-FR\"}]}<\/script>\n<!-- \/ Yoast SEO plugin. -->","yoast_head_json":{"title":"Accueil - Th\u00e9\u00e2tre R\u00e9camier","robots":{"index":"noindex","follow":"follow","max-snippet":"max-snippet:-1","max-image-preview":"max-image-preview:large","max-video-preview":"max-video-preview:-1"},"og_locale":"fr_FR","og_type":"article","og_title":"Accueil - Th\u00e9\u00e2tre R\u00e9camier","og_url":"https:\/\/theatre-recamier.fr\/","og_site_name":"Th\u00e9\u00e2tre R\u00e9camier","article_modified_time":"2026-04-14T08:37:41+00:00","twitter_card":"summary_large_image","schema":{"@context":"https:\/\/schema.org","@graph":[{"@type":"WebPage","@id":"https:\/\/theatre-recamier.fr\/","url":"https:\/\/theatre-recamier.fr\/","name":"Accueil - Th\u00e9\u00e2tre R\u00e9camier","isPartOf":{"@id":"https:\/\/theatre-recamier.fr\/#website"},"datePublished":"2019-01-08T10:07:32+00:00","dateModified":"2026-04-14T08:37:41+00:00","breadcrumb":{"@id":"https:\/\/theatre-recamier.fr\/#breadcrumb"},"inLanguage":"fr-FR","potentialAction":[{"@type":"ReadAction","target":["https:\/\/theatre-recamier.fr\/"]}]},{"@type":"BreadcrumbList","@id":"https:\/\/theatre-recamier.fr\/#breadcrumb","itemListElement":[{"@type":"ListItem","position":1,"name":"Accueil","item":"https:\/\/theatre-recamier.fr\/"},{"@type":"ListItem","position":2,"name":"Accueil"}]},{"@type":"WebSite","@id":"https:\/\/theatre-recamier.fr\/#website","url":"https:\/\/theatre-recamier.fr\/","name":"Th\u00e9\u00e2tre R\u00e9camier","description":"","potentialAction":[{"@type":"SearchAction","target":{"@type":"EntryPoint","urlTemplate":"https:\/\/theatre-recamier.fr\/?s={search_term_string}"},"query-input":{"@type":"PropertyValueSpecification","valueRequired":true,"valueName":"search_term_string"}}],"inLanguage":"fr-FR"}]}},"_links":{"self":[{"href":"https:\/\/theatre-recamier.fr\/index.php\/wp-json\/wp\/v2\/pages\/16","targetHints":{"allow":["GET"]}}],"collection":[{"href":"https:\/\/theatre-recamier.fr\/index.php\/wp-json\/wp\/v2\/pages"}],"about":[{"href":"https:\/\/theatre-recamier.fr\/index.php\/wp-json\/wp\/v2\/types\/page"}],"author":[{"embeddable":true,"href":"https:\/\/theatre-recamier.fr\/index.php\/wp-json\/wp\/v2\/users\/1"}],"replies":[{"embeddable":true,"href":"https:\/\/theatre-recamier.fr\/index.php\/wp-json\/wp\/v2\/comments?post=16"}],"version-history":[{"count":75,"href":"https:\/\/theatre-recamier.fr\/index.php\/wp-json\/wp\/v2\/pages\/16\/revisions"}],"predecessor-version":[{"id":1151,"href":"https:\/\/theatre-recamier.fr\/index.php\/wp-json\/wp\/v2\/pages\/16\/revisions\/1151"}],"wp:attachment":[{"href":"https:\/\/theatre-recamier.fr\/index.php\/wp-json\/wp\/v2\/media?parent=16"}],"curies":[{"name":"wp","href":"https:\/\/api.w.org\/{rel}","templated":true}]}}