{"id":210,"date":"2019-03-26T17:27:07","date_gmt":"2019-03-26T16:27:07","guid":{"rendered":"https:\/\/theatre-recamier.fr\/?page_id=210"},"modified":"2026-04-14T10:37:43","modified_gmt":"2026-04-14T08:37:43","slug":"reglement-interieur","status":"publish","type":"page","link":"https:\/\/theatre-recamier.fr\/index.php\/reglement-interieur\/","title":{"rendered":"R\u00e8glement interieur"},"content":{"rendered":"<div class=\"et_pb_section_0 et_pb_section et_section_regular et_block_section\"><div class=\"et_pb_row_0 et_pb_row et_block_row\"><div class=\"et_pb_column_0 et_pb_column et_pb_column_4_4 et-last-child et_block_column et_pb_css_mix_blend_mode_passthrough\"><div class=\"et_pb_post_title_0 et_pb_post_title et_pb_bg_layout_light et_pb_module et_block_module\"><div class=\"et_pb_title_container\"><h1 class=\"entry-title\">R\u00e8glement interieur<\/h1><\/div><\/div><div class=\"et_pb_text_0 et_pb_text et_pb_bg_layout_light et_pb_module et_block_module\"><div class=\"et_pb_text_inner\"><div id=\"TheTexte\" class=\"Texte\" lang=\"zxx\">\n<p>gdfgdfRestabat ut Caesar post haec properaret accitus et abstergendae causa suspicionis sororem suam, eius uxorem, Constantius ad se tandem desideratam venire multis fictisque blanditiis hortabatur. quae licet ambigeret metuens saepe cruentum, spe tamen quod eum lenire poterit ut germanum profecta, cum Bithyniam introisset, in statione quae Caenos Gallicanos appellatur, absumpta est vi febrium repentina. cuius post obitum maritus contemplans cecidisse fiduciam qua se fultum existimabat, anxia cogitatione, quid moliretur haerebat.<\/p>\n<p>Sed quid est quod in hac causa maxime homines admirentur et reprehendant meum consilium, cum ego idem antea multa decreverim, que magis ad hominis dignitatem quam ad rei publicae necessitatem pertinerent? Supplicationem quindecim dierum decrevi sententia mea. Rei publicae satis erat tot dierum quot C. Mario ; dis immortalibus non erat exigua eadem gratulatio quae ex maximis bellis. Ergo ille cumulus dierum hominis est dignitati tributus.<\/p>\n<p>Denique Antiochensis ordinis vertices sub uno elogio iussit occidi ideo efferatus, quod ei celebrari vilitatem intempestivam urgenti, cum inpenderet inopia, gravius rationabili responderunt; et perissent ad unum ni comes orientis tunc Honoratus fixa constantia restitisset.<\/p>\n<p>Hanc regionem praestitutis celebritati diebus invadere parans dux ante edictus per solitudines Aboraeque amnis herbidas ripas, suorum indicio proditus, qui admissi flagitii metu exagitati ad praesidia descivere Romana. absque ullo egressus effectu deinde tabescebat immobilis.<\/p>\n<p>Sed ut tum ad senem senex de senectute, sic hoc libro ad amicum amicissimus scripsi de amicitia. Tum est Cato locutus, quo erat nemo fere senior temporibus illis, nemo prudentior; nunc Laelius et sapiens (sic enim est habitus) et amicitiae gloria excellens de amicitia loquetur. Tu velim a me animum parumper avertas, Laelium loqui ipsum putes. C. Fannius et Q. Mucius ad socerum veniunt post mortem Africani; ab his sermo oritur, respondet Laelius, cuius tota disputatio est de amicitia, quam legens te ipse cognosces.<\/p>\n<p>Restabat ut Caesar post haec properaret accitus et abstergendae causa suspicionis sororem suam, eius uxorem, Constantius ad se tandem desideratam venire multis fictisque blanditiis hortabatur. quae licet ambigeret metuens saepe cruentum, spe tamen quod eum lenire poterit ut germanum profecta, cum Bithyniam introisset, in statione quae Caenos Gallicanos appellatur, absumpta est vi febrium repentina. cuius post obitum maritus contemplans cecidisse fiduciam qua se fultum existimabat, anxia cogitatione, quid moliretur haerebat.<\/p>\n<p>Sed quid est quod in hac causa maxime homines admirentur et reprehendant meum consilium, cum ego idem antea multa decreverim, que magis ad hominis dignitatem quam ad rei publicae necessitatem pertinerent? Supplicationem quindecim dierum decrevi sententia mea. Rei publicae satis erat tot dierum quot C. Mario ; dis immortalibus non erat exigua eadem gratulatio quae ex maximis bellis. Ergo ille cumulus dierum hominis est dignitati tributus.<\/p>\n<p>Denique Antiochensis ordinis vertices sub uno elogio iussit occidi ideo efferatus, quod ei celebrari vilitatem intempestivam urgenti, cum inpenderet inopia, gravius rationabili responderunt; et perissent ad unum ni comes orientis tunc Honoratus fixa constantia restitisset.<\/p>\n<p>Hanc regionem praestitutis celebritati diebus invadere parans dux ante edictus per solitudines Aboraeque amnis herbidas ripas, suorum indicio proditus, qui admissi flagitii metu exagitati ad praesidia descivere Romana. absque ullo egressus effectu deinde tabescebat immobilis.<\/p>\n<p>Sed ut tum ad senem senex de senectute, sic hoc libro ad amicum amicissimus scripsi de amicitia. Tum est Cato locutus, quo erat nemo fere senior temporibus illis, nemo prudentior; nunc Laelius et sapiens (sic enim est habitus) et amicitiae gloria excellens de amicitia loquetur. Tu velim a me animum parumper avertas, Laelium loqui ipsum putes. C. Fannius et Q. Mucius ad socerum veniunt post mortem Africani; ab his sermo oritur, respondet Laelius, cuius tota disputatio est de amicitia, quam legens te ipse cognosces.<\/p>\n<p>Restabat ut Caesar post haec properaret accitus et abstergendae causa suspicionis sororem suam, eius uxorem, Constantius ad se tandem desideratam venire multis fictisque blanditiis hortabatur. quae licet ambigeret metuens saepe cruentum, spe tamen quod eum lenire poterit ut germanum profecta, cum Bithyniam introisset, in statione quae Caenos Gallicanos appellatur, absumpta est vi febrium repentina. cuius post obitum maritus contemplans cecidisse fiduciam qua se fultum existimabat, anxia cogitatione, quid moliretur haerebat.<\/p>\n<p>Sed quid est quod in hac causa maxime homines admirentur et reprehendant meum consilium, cum ego idem antea multa decreverim, que magis ad hominis dignitatem quam ad rei publicae necessitatem pertinerent? Supplicationem quindecim dierum decrevi sententia mea. Rei publicae satis erat tot dierum quot C. Mario ; dis immortalibus non erat exigua eadem gratulatio quae ex maximis bellis. Ergo ille cumulus dierum hominis est dignitati tributus.<\/p>\n<p>Denique Antiochensis ordinis vertices sub uno elogio iussit occidi ideo efferatus, quod ei celebrari vilitatem intempestivam urgenti, cum inpenderet inopia, gravius rationabili responderunt; et perissent ad unum ni comes orientis tunc Honoratus fixa constantia restitisset.<\/p>\n<p>Hanc regionem praestitutis celebritati diebus invadere parans dux ante edictus per solitudines Aboraeque amnis herbidas ripas, suorum indicio proditus, qui admissi flagitii metu exagitati ad praesidia descivere Romana. absque ullo egressus effectu deinde tabescebat immobilis.<\/p>\n<p>Sed ut tum ad senem senex de senectute, sic hoc libro ad amicum amicissimus scripsi de amicitia. Tum est Cato locutus, quo erat nemo fere senior temporibus illis, nemo prudentior; nunc Laelius et sapiens (sic enim est habitus) et amicitiae gloria excellens de amicitia loquetur. Tu velim a me animum parumper avertas, Laelium loqui ipsum putes. C. Fannius et Q. Mucius ad socerum veniunt post mortem Africani; ab his sermo oritur, respondet Laelius, cuius tota disputatio est de amicitia, quam legens te ipse cognosces.<\/p>\n<\/div>\n<\/div><\/div><\/div><\/div><\/div>","protected":false},"excerpt":{"rendered":"","protected":false},"author":1,"featured_media":0,"parent":0,"menu_order":0,"comment_status":"closed","ping_status":"closed","template":"","meta":{"footnotes":""},"class_list":["post-210","page","type-page","status-publish","hentry"],"yoast_head":"<!-- This site is optimized with the Yoast SEO plugin v27.3 - https:\/\/yoast.com\/product\/yoast-seo-wordpress\/ -->\n<title>R\u00e8glement interieur - Th\u00e9\u00e2tre R\u00e9camier<\/title>\n<meta name=\"robots\" content=\"noindex, follow, max-snippet:-1, max-image-preview:large, max-video-preview:-1\" \/>\n<meta property=\"og:locale\" content=\"fr_FR\" \/>\n<meta property=\"og:type\" content=\"article\" \/>\n<meta property=\"og:title\" content=\"R\u00e8glement interieur - Th\u00e9\u00e2tre R\u00e9camier\" \/>\n<meta property=\"og:url\" content=\"https:\/\/theatre-recamier.fr\/index.php\/reglement-interieur\/\" \/>\n<meta property=\"og:site_name\" content=\"Th\u00e9\u00e2tre R\u00e9camier\" \/>\n<meta property=\"article:modified_time\" content=\"2026-04-14T08:37:43+00:00\" \/>\n<meta name=\"twitter:card\" content=\"summary_large_image\" \/>\n<script type=\"application\/ld+json\" class=\"yoast-schema-graph\">{\"@context\":\"https:\\\/\\\/schema.org\",\"@graph\":[{\"@type\":\"WebPage\",\"@id\":\"https:\\\/\\\/theatre-recamier.fr\\\/index.php\\\/reglement-interieur\\\/\",\"url\":\"https:\\\/\\\/theatre-recamier.fr\\\/index.php\\\/reglement-interieur\\\/\",\"name\":\"R\u00e8glement interieur - Th\u00e9\u00e2tre R\u00e9camier\",\"isPartOf\":{\"@id\":\"https:\\\/\\\/theatre-recamier.fr\\\/#website\"},\"datePublished\":\"2019-03-26T16:27:07+00:00\",\"dateModified\":\"2026-04-14T08:37:43+00:00\",\"breadcrumb\":{\"@id\":\"https:\\\/\\\/theatre-recamier.fr\\\/index.php\\\/reglement-interieur\\\/#breadcrumb\"},\"inLanguage\":\"fr-FR\",\"potentialAction\":[{\"@type\":\"ReadAction\",\"target\":[\"https:\\\/\\\/theatre-recamier.fr\\\/index.php\\\/reglement-interieur\\\/\"]}]},{\"@type\":\"BreadcrumbList\",\"@id\":\"https:\\\/\\\/theatre-recamier.fr\\\/index.php\\\/reglement-interieur\\\/#breadcrumb\",\"itemListElement\":[{\"@type\":\"ListItem\",\"position\":1,\"name\":\"Accueil\",\"item\":\"https:\\\/\\\/theatre-recamier.fr\\\/\"},{\"@type\":\"ListItem\",\"position\":2,\"name\":\"R\u00e8glement interieur\"}]},{\"@type\":\"WebSite\",\"@id\":\"https:\\\/\\\/theatre-recamier.fr\\\/#website\",\"url\":\"https:\\\/\\\/theatre-recamier.fr\\\/\",\"name\":\"Th\u00e9\u00e2tre R\u00e9camier\",\"description\":\"\",\"potentialAction\":[{\"@type\":\"SearchAction\",\"target\":{\"@type\":\"EntryPoint\",\"urlTemplate\":\"https:\\\/\\\/theatre-recamier.fr\\\/?s={search_term_string}\"},\"query-input\":{\"@type\":\"PropertyValueSpecification\",\"valueRequired\":true,\"valueName\":\"search_term_string\"}}],\"inLanguage\":\"fr-FR\"}]}<\/script>\n<!-- \/ Yoast SEO plugin. -->","yoast_head_json":{"title":"R\u00e8glement interieur - Th\u00e9\u00e2tre R\u00e9camier","robots":{"index":"noindex","follow":"follow","max-snippet":"max-snippet:-1","max-image-preview":"max-image-preview:large","max-video-preview":"max-video-preview:-1"},"og_locale":"fr_FR","og_type":"article","og_title":"R\u00e8glement interieur - Th\u00e9\u00e2tre R\u00e9camier","og_url":"https:\/\/theatre-recamier.fr\/index.php\/reglement-interieur\/","og_site_name":"Th\u00e9\u00e2tre R\u00e9camier","article_modified_time":"2026-04-14T08:37:43+00:00","twitter_card":"summary_large_image","schema":{"@context":"https:\/\/schema.org","@graph":[{"@type":"WebPage","@id":"https:\/\/theatre-recamier.fr\/index.php\/reglement-interieur\/","url":"https:\/\/theatre-recamier.fr\/index.php\/reglement-interieur\/","name":"R\u00e8glement interieur - Th\u00e9\u00e2tre R\u00e9camier","isPartOf":{"@id":"https:\/\/theatre-recamier.fr\/#website"},"datePublished":"2019-03-26T16:27:07+00:00","dateModified":"2026-04-14T08:37:43+00:00","breadcrumb":{"@id":"https:\/\/theatre-recamier.fr\/index.php\/reglement-interieur\/#breadcrumb"},"inLanguage":"fr-FR","potentialAction":[{"@type":"ReadAction","target":["https:\/\/theatre-recamier.fr\/index.php\/reglement-interieur\/"]}]},{"@type":"BreadcrumbList","@id":"https:\/\/theatre-recamier.fr\/index.php\/reglement-interieur\/#breadcrumb","itemListElement":[{"@type":"ListItem","position":1,"name":"Accueil","item":"https:\/\/theatre-recamier.fr\/"},{"@type":"ListItem","position":2,"name":"R\u00e8glement interieur"}]},{"@type":"WebSite","@id":"https:\/\/theatre-recamier.fr\/#website","url":"https:\/\/theatre-recamier.fr\/","name":"Th\u00e9\u00e2tre R\u00e9camier","description":"","potentialAction":[{"@type":"SearchAction","target":{"@type":"EntryPoint","urlTemplate":"https:\/\/theatre-recamier.fr\/?s={search_term_string}"},"query-input":{"@type":"PropertyValueSpecification","valueRequired":true,"valueName":"search_term_string"}}],"inLanguage":"fr-FR"}]}},"_links":{"self":[{"href":"https:\/\/theatre-recamier.fr\/index.php\/wp-json\/wp\/v2\/pages\/210","targetHints":{"allow":["GET"]}}],"collection":[{"href":"https:\/\/theatre-recamier.fr\/index.php\/wp-json\/wp\/v2\/pages"}],"about":[{"href":"https:\/\/theatre-recamier.fr\/index.php\/wp-json\/wp\/v2\/types\/page"}],"author":[{"embeddable":true,"href":"https:\/\/theatre-recamier.fr\/index.php\/wp-json\/wp\/v2\/users\/1"}],"replies":[{"embeddable":true,"href":"https:\/\/theatre-recamier.fr\/index.php\/wp-json\/wp\/v2\/comments?post=210"}],"version-history":[{"count":4,"href":"https:\/\/theatre-recamier.fr\/index.php\/wp-json\/wp\/v2\/pages\/210\/revisions"}],"predecessor-version":[{"id":1155,"href":"https:\/\/theatre-recamier.fr\/index.php\/wp-json\/wp\/v2\/pages\/210\/revisions\/1155"}],"wp:attachment":[{"href":"https:\/\/theatre-recamier.fr\/index.php\/wp-json\/wp\/v2\/media?parent=210"}],"curies":[{"name":"wp","href":"https:\/\/api.w.org\/{rel}","templated":true}]}}