{"id":60,"date":"2019-02-04T16:41:36","date_gmt":"2019-02-04T15:41:36","guid":{"rendered":"https:\/\/theatre-recamier.fr\/?page_id=60"},"modified":"2026-04-14T10:37:42","modified_gmt":"2026-04-14T08:37:42","slug":"evenementiel","status":"publish","type":"page","link":"https:\/\/theatre-recamier.fr\/index.php\/evenementiel\/","title":{"rendered":"Ev\u00e9nementiel"},"content":{"rendered":"\n<div class=\"et_pb_section_0 et_pb_section et_section_regular et_block_section\"><div class=\"et_pb_row_0 et_pb_row et_block_row\"><div class=\"et_pb_column_0 et_pb_column et_pb_column_3_5 et_block_column et_pb_css_mix_blend_mode_passthrough\"><div class=\"et_pb_post_title_0 et_pb_post_title et_pb_bg_layout_light et_pb_module et_block_module\"><div class=\"et_pb_title_container\"><h1 class=\"entry-title\">Ev\u00e9nementiel<\/h1><\/div><\/div><div class=\"et_pb_text_0 et_pb_text et_pb_bg_layout_light et_pb_module et_block_module\"><div class=\"et_pb_text_inner\"><h4>D\u00e9couvrez notre salle<\/h4>\n<\/div><\/div><\/div><div class=\"et_pb_column_1 et_pb_column et_pb_column_2_5 et-last-child et_block_column et_pb_css_mix_blend_mode_passthrough\"><div class=\"et_pb_module et_pb_button_module_wrapper et_pb_button_0_wrapper\"><a class=\"et_pb_button_0 et_pb_button et_pb_bg_layout_light et_pb_module et_block_module\" href=\"\">Privatiser le lieu<\/a><\/div><\/div><\/div><div class=\"et_pb_row_1 et_pb_row et_block_row\"><div class=\"et_pb_column_2 et_pb_column et_pb_column_1_2 et_block_column et_pb_css_mix_blend_mode_passthrough\"><div class=\"et_pb_image_0 et_pb_image et_pb_module et_block_module\"><span class=\"et_pb_image_wrap\"><img loading=\"lazy\" decoding=\"async\" src=\"https:\/\/theatre-recamier.fr\/wp-content\/uploads\/2019\/03\/evenement01.jpg\" width=\"1070\" height=\"461\" srcset=\"https:\/\/theatre-recamier.fr\/wp-content\/uploads\/2019\/03\/evenement01.jpg 1070w, https:\/\/theatre-recamier.fr\/wp-content\/uploads\/2019\/03\/evenement01-300x129.jpg 300w, https:\/\/theatre-recamier.fr\/wp-content\/uploads\/2019\/03\/evenement01-768x331.jpg 768w, https:\/\/theatre-recamier.fr\/wp-content\/uploads\/2019\/03\/evenement01-1024x441.jpg 1024w, https:\/\/theatre-recamier.fr\/wp-content\/uploads\/2019\/03\/evenement01-610x263.jpg 610w\" sizes=\"(max-width: 1070px) 100vw, 1070px\" class=\"wp-image-726\" \/><\/span><\/div><\/div><div class=\"et_pb_column_3 et_pb_column et_pb_column_1_2 et-last-child et_block_column et_pb_css_mix_blend_mode_passthrough\"><div class=\"et_pb_image_1 et_pb_image et_pb_module et_block_module\"><span class=\"et_pb_image_wrap\"><img loading=\"lazy\" decoding=\"async\" src=\"https:\/\/theatre-recamier.fr\/wp-content\/uploads\/2019\/03\/evenement02.jpg\" width=\"1070\" height=\"461\" srcset=\"https:\/\/theatre-recamier.fr\/wp-content\/uploads\/2019\/03\/evenement02.jpg 1070w, https:\/\/theatre-recamier.fr\/wp-content\/uploads\/2019\/03\/evenement02-300x129.jpg 300w, https:\/\/theatre-recamier.fr\/wp-content\/uploads\/2019\/03\/evenement02-768x331.jpg 768w, https:\/\/theatre-recamier.fr\/wp-content\/uploads\/2019\/03\/evenement02-1024x441.jpg 1024w, https:\/\/theatre-recamier.fr\/wp-content\/uploads\/2019\/03\/evenement02-610x263.jpg 610w\" sizes=\"(max-width: 1070px) 100vw, 1070px\" class=\"wp-image-727\" \/><\/span><\/div><\/div><\/div><div class=\"et_pb_row_2 et_pb_row et_pb_row_4col et_block_row et_block_row_4col\"><div class=\"et_pb_column_4 et_pb_column et_pb_column_1_4 et_block_column et_pb_css_mix_blend_mode_passthrough\"><div class=\"et_pb_image_2 et_pb_image et_pb_module et_block_module\"><span class=\"et_pb_image_wrap\"><img loading=\"lazy\" decoding=\"async\" src=\"https:\/\/theatre-recamier.fr\/wp-content\/uploads\/2019\/03\/Chaise.png\" width=\"367\" height=\"367\" srcset=\"https:\/\/theatre-recamier.fr\/wp-content\/uploads\/2019\/03\/Chaise.png 367w, https:\/\/theatre-recamier.fr\/wp-content\/uploads\/2019\/03\/Chaise-150x150.png 150w, https:\/\/theatre-recamier.fr\/wp-content\/uploads\/2019\/03\/Chaise-300x300.png 300w\" sizes=\"(max-width: 367px) 100vw, 367px\" class=\"wp-image-737\" \/><\/span><\/div><div class=\"et_pb_text_1 et_pb_text et_pb_bg_layout_light et_pb_module et_block_module et_pb_text_align_center\"><div class=\"et_pb_text_inner\"><p><strong>Restabat ut Caesar post haec properaret<\/strong><\/p>\n<p>dsfdfdffdfqfqfdf.<\/p>\n<\/div><\/div><div class=\"et_pb_module et_pb_button_module_wrapper et_pb_button_1_wrapper\"><a class=\"et_pb_button_1 et_pb_button et_pb_bg_layout_light et_pb_module et_block_module\" href=\"\">Galerie photo<\/a><\/div><\/div><div class=\"et_pb_column_5 et_pb_column et_pb_column_1_4 et_block_column et_pb_css_mix_blend_mode_passthrough\"><div class=\"et_pb_image_3 et_pb_image et_pb_module et_block_module\"><span class=\"et_pb_image_wrap\"><img loading=\"lazy\" decoding=\"async\" src=\"https:\/\/theatre-recamier.fr\/wp-content\/uploads\/2019\/03\/Lieu.png\" width=\"367\" height=\"367\" srcset=\"https:\/\/theatre-recamier.fr\/wp-content\/uploads\/2019\/03\/Lieu.png 367w, https:\/\/theatre-recamier.fr\/wp-content\/uploads\/2019\/03\/Lieu-150x150.png 150w, https:\/\/theatre-recamier.fr\/wp-content\/uploads\/2019\/03\/Lieu-300x300.png 300w\" sizes=\"(max-width: 367px) 100vw, 367px\" class=\"wp-image-739\" \/><\/span><\/div><div class=\"et_pb_text_2 et_pb_text et_pb_bg_layout_light et_pb_module et_block_module et_pb_text_align_center\"><div class=\"et_pb_text_inner\"><p><strong>Restabat ut Caesar post haec properaret<\/strong><\/p>\n<p>accitus et abstergendae causa suspicionis sororem suam, eius uxorem, Constantius ad se tandem desideratam venire multis fictisque blanditiis hortabatur. quae licet ambigeret metuens saepe cruentum, spe tamen quod eum lenire poterit ut germanum profecta, cum Bithyniam introisset, in statione quae Caenos Gallicanos appellatur.<\/p>\n<\/div><\/div><div class=\"et_pb_module et_pb_button_module_wrapper et_pb_button_2_wrapper\"><a class=\"et_pb_button_2 et_pb_button et_pb_bg_layout_light et_pb_module et_block_module\" href=\"\">Plan acc\u00e9s<\/a><\/div><\/div><div class=\"et_pb_column_6 et_pb_column et_pb_column_1_4 et_block_column et_pb_css_mix_blend_mode_passthrough\"><div class=\"et_pb_image_4 et_pb_image et_pb_module et_block_module\"><span class=\"et_pb_image_wrap\"><img loading=\"lazy\" decoding=\"async\" src=\"https:\/\/theatre-recamier.fr\/wp-content\/uploads\/2019\/03\/\u00e9quipement.png\" width=\"367\" height=\"367\" srcset=\"https:\/\/theatre-recamier.fr\/wp-content\/uploads\/2019\/03\/\u00e9quipement.png 367w, https:\/\/theatre-recamier.fr\/wp-content\/uploads\/2019\/03\/\u00e9quipement-150x150.png 150w, https:\/\/theatre-recamier.fr\/wp-content\/uploads\/2019\/03\/\u00e9quipement-300x300.png 300w\" sizes=\"(max-width: 367px) 100vw, 367px\" class=\"wp-image-740\" \/><\/span><\/div><div class=\"et_pb_text_3 et_pb_text et_pb_bg_layout_light et_pb_module et_block_module et_pb_text_align_center\"><div class=\"et_pb_text_inner\"><p><strong>Restabat ut Caesar post haec properaret<\/strong><\/p>\n<p>accitus et abstergendae causa suspicionis sororem suam, eius uxorem, Constantius ad se tandem desideratam venire multis fictisque blanditiis hortabatur. quae licet ambigeret metuens saepe cruentum, spe tamen quod eum lenire poterit ut germanum profecta, cum Bithyniam introisset, in statione quae Caenos Gallicanos appellatur.<\/p>\n<\/div><\/div><div class=\"et_pb_module et_pb_button_module_wrapper et_pb_button_3_wrapper\"><a class=\"et_pb_button_3 et_pb_button et_pb_bg_layout_light et_pb_module et_block_module\" href=\"\">Fiches techniques<\/a><\/div><\/div><div class=\"et_pb_column_7 et_pb_column et_pb_column_1_4 et-last-child et_block_column et_pb_css_mix_blend_mode_passthrough\"><div class=\"et_pb_image_5 et_pb_image et_pb_module et_block_module\"><span class=\"et_pb_image_wrap\"><img loading=\"lazy\" decoding=\"async\" src=\"https:\/\/theatre-recamier.fr\/wp-content\/uploads\/2019\/03\/services.png\" width=\"367\" height=\"367\" srcset=\"https:\/\/theatre-recamier.fr\/wp-content\/uploads\/2019\/03\/services.png 367w, https:\/\/theatre-recamier.fr\/wp-content\/uploads\/2019\/03\/services-150x150.png 150w, https:\/\/theatre-recamier.fr\/wp-content\/uploads\/2019\/03\/services-300x300.png 300w\" sizes=\"(max-width: 367px) 100vw, 367px\" class=\"wp-image-741\" \/><\/span><\/div><div class=\"et_pb_text_4 et_pb_text et_pb_bg_layout_light et_pb_module et_block_module et_pb_text_align_center\"><div class=\"et_pb_text_inner\"><p><strong>Restabat ut Caesar post haec properaret<\/strong><\/p>\n<p>accitus et abstergendae causa suspicionis sororem suam, eius uxorem, Constantius ad se tandem desideratam venire multis fictisque blanditiis hortabatur. quae licet ambigeret metuens saepe cruentum, spe tamen quod eum lenire poterit ut germanum profecta, cum Bithyniam introisset, in statione quae Caenos Gallicanos appellatur.<\/p>\n<\/div><\/div><div class=\"et_pb_module et_pb_button_module_wrapper et_pb_button_4_wrapper\"><a class=\"et_pb_button_4 et_pb_button et_pb_bg_layout_light et_pb_module et_block_module\" href=\"\">Nos partenaires<\/a><\/div><\/div><\/div><\/div>\n","protected":false},"excerpt":{"rendered":"","protected":false},"author":1,"featured_media":0,"parent":0,"menu_order":0,"comment_status":"closed","ping_status":"closed","template":"","meta":{"footnotes":""},"class_list":["post-60","page","type-page","status-publish","hentry"],"yoast_head":"<!-- This site is optimized with the Yoast SEO plugin v27.3 - https:\/\/yoast.com\/product\/yoast-seo-wordpress\/ -->\n<title>Ev\u00e9nementiel - Th\u00e9\u00e2tre R\u00e9camier<\/title>\n<meta name=\"robots\" content=\"noindex, follow, max-snippet:-1, max-image-preview:large, max-video-preview:-1\" \/>\n<meta property=\"og:locale\" content=\"fr_FR\" \/>\n<meta property=\"og:type\" content=\"article\" \/>\n<meta property=\"og:title\" content=\"Ev\u00e9nementiel - Th\u00e9\u00e2tre R\u00e9camier\" \/>\n<meta property=\"og:url\" content=\"https:\/\/theatre-recamier.fr\/index.php\/evenementiel\/\" \/>\n<meta property=\"og:site_name\" content=\"Th\u00e9\u00e2tre R\u00e9camier\" \/>\n<meta property=\"article:modified_time\" content=\"2026-04-14T08:37:42+00:00\" \/>\n<meta name=\"twitter:card\" content=\"summary_large_image\" \/>\n<script type=\"application\/ld+json\" class=\"yoast-schema-graph\">{\"@context\":\"https:\\\/\\\/schema.org\",\"@graph\":[{\"@type\":\"WebPage\",\"@id\":\"https:\\\/\\\/theatre-recamier.fr\\\/index.php\\\/evenementiel\\\/\",\"url\":\"https:\\\/\\\/theatre-recamier.fr\\\/index.php\\\/evenementiel\\\/\",\"name\":\"Ev\u00e9nementiel - Th\u00e9\u00e2tre R\u00e9camier\",\"isPartOf\":{\"@id\":\"https:\\\/\\\/theatre-recamier.fr\\\/#website\"},\"datePublished\":\"2019-02-04T15:41:36+00:00\",\"dateModified\":\"2026-04-14T08:37:42+00:00\",\"breadcrumb\":{\"@id\":\"https:\\\/\\\/theatre-recamier.fr\\\/index.php\\\/evenementiel\\\/#breadcrumb\"},\"inLanguage\":\"fr-FR\",\"potentialAction\":[{\"@type\":\"ReadAction\",\"target\":[\"https:\\\/\\\/theatre-recamier.fr\\\/index.php\\\/evenementiel\\\/\"]}]},{\"@type\":\"BreadcrumbList\",\"@id\":\"https:\\\/\\\/theatre-recamier.fr\\\/index.php\\\/evenementiel\\\/#breadcrumb\",\"itemListElement\":[{\"@type\":\"ListItem\",\"position\":1,\"name\":\"Accueil\",\"item\":\"https:\\\/\\\/theatre-recamier.fr\\\/\"},{\"@type\":\"ListItem\",\"position\":2,\"name\":\"Ev\u00e9nementiel\"}]},{\"@type\":\"WebSite\",\"@id\":\"https:\\\/\\\/theatre-recamier.fr\\\/#website\",\"url\":\"https:\\\/\\\/theatre-recamier.fr\\\/\",\"name\":\"Th\u00e9\u00e2tre R\u00e9camier\",\"description\":\"\",\"potentialAction\":[{\"@type\":\"SearchAction\",\"target\":{\"@type\":\"EntryPoint\",\"urlTemplate\":\"https:\\\/\\\/theatre-recamier.fr\\\/?s={search_term_string}\"},\"query-input\":{\"@type\":\"PropertyValueSpecification\",\"valueRequired\":true,\"valueName\":\"search_term_string\"}}],\"inLanguage\":\"fr-FR\"}]}<\/script>\n<!-- \/ Yoast SEO plugin. -->","yoast_head_json":{"title":"Ev\u00e9nementiel - Th\u00e9\u00e2tre R\u00e9camier","robots":{"index":"noindex","follow":"follow","max-snippet":"max-snippet:-1","max-image-preview":"max-image-preview:large","max-video-preview":"max-video-preview:-1"},"og_locale":"fr_FR","og_type":"article","og_title":"Ev\u00e9nementiel - Th\u00e9\u00e2tre R\u00e9camier","og_url":"https:\/\/theatre-recamier.fr\/index.php\/evenementiel\/","og_site_name":"Th\u00e9\u00e2tre R\u00e9camier","article_modified_time":"2026-04-14T08:37:42+00:00","twitter_card":"summary_large_image","schema":{"@context":"https:\/\/schema.org","@graph":[{"@type":"WebPage","@id":"https:\/\/theatre-recamier.fr\/index.php\/evenementiel\/","url":"https:\/\/theatre-recamier.fr\/index.php\/evenementiel\/","name":"Ev\u00e9nementiel - Th\u00e9\u00e2tre R\u00e9camier","isPartOf":{"@id":"https:\/\/theatre-recamier.fr\/#website"},"datePublished":"2019-02-04T15:41:36+00:00","dateModified":"2026-04-14T08:37:42+00:00","breadcrumb":{"@id":"https:\/\/theatre-recamier.fr\/index.php\/evenementiel\/#breadcrumb"},"inLanguage":"fr-FR","potentialAction":[{"@type":"ReadAction","target":["https:\/\/theatre-recamier.fr\/index.php\/evenementiel\/"]}]},{"@type":"BreadcrumbList","@id":"https:\/\/theatre-recamier.fr\/index.php\/evenementiel\/#breadcrumb","itemListElement":[{"@type":"ListItem","position":1,"name":"Accueil","item":"https:\/\/theatre-recamier.fr\/"},{"@type":"ListItem","position":2,"name":"Ev\u00e9nementiel"}]},{"@type":"WebSite","@id":"https:\/\/theatre-recamier.fr\/#website","url":"https:\/\/theatre-recamier.fr\/","name":"Th\u00e9\u00e2tre R\u00e9camier","description":"","potentialAction":[{"@type":"SearchAction","target":{"@type":"EntryPoint","urlTemplate":"https:\/\/theatre-recamier.fr\/?s={search_term_string}"},"query-input":{"@type":"PropertyValueSpecification","valueRequired":true,"valueName":"search_term_string"}}],"inLanguage":"fr-FR"}]}},"_links":{"self":[{"href":"https:\/\/theatre-recamier.fr\/index.php\/wp-json\/wp\/v2\/pages\/60","targetHints":{"allow":["GET"]}}],"collection":[{"href":"https:\/\/theatre-recamier.fr\/index.php\/wp-json\/wp\/v2\/pages"}],"about":[{"href":"https:\/\/theatre-recamier.fr\/index.php\/wp-json\/wp\/v2\/types\/page"}],"author":[{"embeddable":true,"href":"https:\/\/theatre-recamier.fr\/index.php\/wp-json\/wp\/v2\/users\/1"}],"replies":[{"embeddable":true,"href":"https:\/\/theatre-recamier.fr\/index.php\/wp-json\/wp\/v2\/comments?post=60"}],"version-history":[{"count":29,"href":"https:\/\/theatre-recamier.fr\/index.php\/wp-json\/wp\/v2\/pages\/60\/revisions"}],"predecessor-version":[{"id":1153,"href":"https:\/\/theatre-recamier.fr\/index.php\/wp-json\/wp\/v2\/pages\/60\/revisions\/1153"}],"wp:attachment":[{"href":"https:\/\/theatre-recamier.fr\/index.php\/wp-json\/wp\/v2\/media?parent=60"}],"curies":[{"name":"wp","href":"https:\/\/api.w.org\/{rel}","templated":true}]}}