{"id":760,"date":"2019-03-29T13:45:19","date_gmt":"2019-03-29T12:45:19","guid":{"rendered":"https:\/\/theatre-recamier.fr\/?page_id=760"},"modified":"2026-04-14T10:37:46","modified_gmt":"2026-04-14T08:37:46","slug":"histoire","status":"publish","type":"page","link":"https:\/\/theatre-recamier.fr\/index.php\/histoire\/","title":{"rendered":"Histoire"},"content":{"rendered":"<div class=\"et_pb_section_0 et_pb_section et_section_regular et_block_section\"><div class=\"et_pb_row_0 et_pb_row et_block_row\"><div class=\"et_pb_column_0 et_pb_column et_pb_column_4_4 et-last-child et_block_column et_pb_css_mix_blend_mode_passthrough\"><div class=\"et_pb_post_title_0 et_pb_post_title et_pb_bg_layout_light et_pb_module et_block_module\"><div class=\"et_pb_title_container\"><h1 class=\"entry-title\">Histoire<\/h1><\/div><\/div><\/div><\/div><div class=\"et_pb_row_1 et_pb_row et_block_row\"><div class=\"et_pb_column_1 et_pb_column et_pb_column_1_2 et_block_column et_pb_css_mix_blend_mode_passthrough\"><div class=\"et_pb_image_0 et_pb_image et_pb_module et_block_module\"><span class=\"et_pb_image_wrap\"><img loading=\"lazy\" decoding=\"async\" src=\"https:\/\/theatre-recamier.fr\/wp-content\/uploads\/2019\/03\/histoire01.jpg\" width=\"536\" height=\"231\" srcset=\"https:\/\/theatre-recamier.fr\/wp-content\/uploads\/2019\/03\/histoire01.jpg 536w, https:\/\/theatre-recamier.fr\/wp-content\/uploads\/2019\/03\/histoire01-300x129.jpg 300w\" sizes=\"(max-width: 536px) 100vw, 536px\" class=\"wp-image-768\" \/><\/span><\/div><\/div><div class=\"et_pb_column_2 et_pb_column et_pb_column_1_2 et-last-child et_block_column et_pb_css_mix_blend_mode_passthrough\"><div class=\"et_pb_image_1 et_pb_image et_pb_module et_block_module\"><span class=\"et_pb_image_wrap\"><img loading=\"lazy\" decoding=\"async\" src=\"https:\/\/theatre-recamier.fr\/wp-content\/uploads\/2019\/03\/histoire02.jpg\" width=\"536\" height=\"231\" srcset=\"https:\/\/theatre-recamier.fr\/wp-content\/uploads\/2019\/03\/histoire02.jpg 536w, https:\/\/theatre-recamier.fr\/wp-content\/uploads\/2019\/03\/histoire02-300x129.jpg 300w\" sizes=\"(max-width: 536px) 100vw, 536px\" class=\"wp-image-769\" \/><\/span><\/div><\/div><\/div><div class=\"et_pb_row_2 et_pb_row et_block_row\"><div class=\"et_pb_column_3 et_pb_column et_pb_column_4_4 et-last-child et_block_column et_pb_css_mix_blend_mode_passthrough\"><div class=\"et_pb_text_0 et_pb_text et_pb_bg_layout_light et_pb_module et_block_module\"><div class=\"et_pb_text_inner\"><h4><strong>Le TH\u00c9\u00c2TRE R\u00c9CAMIER<\/strong><\/h4>\n<\/div><\/div><\/div><\/div><div class=\"et_pb_row_3 et_pb_row et_block_row\"><div class=\"et_pb_column_4 et_pb_column et_pb_column_1_2 et_block_column et_pb_css_mix_blend_mode_passthrough\"><div class=\"et_pb_text_1 et_pb_text et_pb_bg_layout_light et_pb_module et_block_module\"><div class=\"et_pb_text_inner\"><p>Situ\u00e9 en plein c\u0153ur du 7\u00e8me arrondissement de Paris, ce lieu propri\u00e9t\u00e9 de la Ligue de l\u2019enseignement, porta tout d\u2019abord le nom de \u00ab Salle R\u00e9camier \u00bb.<\/p>\n<p>Celle-ci a \u00e9t\u00e9 construite sur l\u2019emplacement de la chapelle du couvent de l\u2019Abbaye-aux-Bois, tr\u00e8s proche du carrefour \u00ab\u00a0S\u00e8vres-Babylone\u00a0\u00bb.<\/p>\n<p>L\u2019\u00e9dification de l\u2019immeuble devait amener l\u2019ouverture d\u2019une nouvelle rue parisienne, la rue R\u00e9camier.<\/p>\n<p>Il s\u2019agissait-l\u00e0 d\u2019un hommage rendu \u00e0 la femme de c\u0153ur et d\u2019esprit, Madame R\u00e9camier, qui, pendant de longues ann\u00e9es, sous la Restauration, avait su attirer dans son salon de l\u2019Abbaye-aux-Bois, des \u00e9crivains, des savants, des musiciens, des artistes et la plus brillante soci\u00e9t\u00e9 de son temps.<\/p>\n<p>Con\u00e7ue par l\u2019architecte Claude Blondel, fils de Paul Blondel, architecte des Palais du Louvre et des Tuileries, la \u00ab\u00a0Salle R\u00e9camier\u00a0\u00bb fut inaugur\u00e9e le 30 octobre 1909 par le Pr\u00e9sident de la R\u00e9publique Armand Falli\u00e8res, et servait dans un premier temps de lieu de conf\u00e9rences.<\/p>\n<p>Lorsque Jacques Copeau d\u00e9cida de faire l\u2019acquisition d\u2019un th\u00e9\u00e2tre, il h\u00e9sita entre cette salle et celle du Vieux-Colombier, pour laquelle il opta finalement.<\/p>\n<p>Et le \u00ab\u00a0R\u00e9camier\u00a0\u00bb vit reculer longtemps encore son destin th\u00e9\u00e2tral.<\/p>\n<p>Un cin\u00e9ma commercial s\u2019y installa alors jusqu\u2019en 1957.<\/p>\n<p>C\u2019est en 1958 que, la Ligue de l\u2019enseignement, enfin, reprit ses droits et rendit les lieux \u00e0 leur tradition culturelle, avec de tr\u00e8s importants travaux.<\/p>\n<p>Le 22 d\u00e9cembre 1958 marqua le grand gala d\u2019ouverture du \u00ab\u00a0Th\u00e9\u00e2tre R\u00e9camier\u00a0\u00bb, en pr\u00e9sence d\u2019invit\u00e9s prestigieux\u00a0: Arletty, Fran\u00e7oise Sagan, Marcel Carm\u00e9, Ionesco, Ren\u00e9e Saint-Cyr, Raf Vallone, ou bien le Marquis de Cuevas\u2026<\/p>\n<\/div><\/div><\/div><div class=\"et_pb_column_5 et_pb_column et_pb_column_1_2 et-last-child et_block_column et_pb_css_mix_blend_mode_passthrough\"><div class=\"et_pb_text_2 et_pb_text et_pb_bg_layout_light et_pb_module et_block_module\"><div class=\"et_pb_text_inner\"><p>Puis, le temps de deux saisons, de 1959 \u00e0 1961, le T.N.P. - Th\u00e9\u00e2tre National Populaire, prit ses marques au R\u00e9camier sous la direction du c\u00e9l\u00e8bre Jean Vilar, avec une programmation r\u00e9serv\u00e9e aux auteurs contemporains, comme \u00ab\u00a0La Bonne \u00e2me de Se-Tchouan\u00a0\u00bb qu\u2019y s\u2019y joua lors de 119 repr\u00e9sentations\u00a0!<\/p>\n<p>Apr\u00e8s mai 1968, le Th\u00e9\u00e2tre R\u00e9camier h\u00e9bergea la prestigieuse compagnie Renaud-Barrault, expuls\u00e9e de l\u2019Od\u00e9on. Puis dans les ann\u00e9es 70, c\u2019est Antoine Bourseiller qui y prit place.<\/p>\n<p>Plus tard, ce sont les soci\u00e9taires de la Com\u00e9die fran\u00e7aise qui feront du Th\u00e9\u00e2tre R\u00e9camier leur lieu privil\u00e9gi\u00e9 de r\u00e9p\u00e9tition.<\/p>\n<p>En 2013, Roman Polanski s\u2019inspire des d\u00e9cors du th\u00e9\u00e2tre pour tourner \u00ab\u00a0La V\u00e9nus \u00e0 la fourrure\u00a0\u00bb.<\/p>\n<p>Aujourd\u2019hui, le Th\u00e9\u00e2tre R\u00e9camier fait peau neuve, avec un vaste projet de r\u00e9habilitation.<\/p>\n<p>L\u2019inauguration du nouveau Th\u00e9\u00e2tre R\u00e9camier se fera au premier trimestre 2021, avec une capacit\u00e9 d\u2019accueil de 275 places assises dans la grande salle, et un foyer pouvant recevoir jusqu\u2019\u00e0 140 personnes.<\/p>\n<p>Le Th\u00e9\u00e2tre R\u00e9camier se veut \u00eatre un lieu polyvalent, en mesure d\u2019accueillir une multitude d\u2019\u00e9v\u00e8nements\u00a0: spectacles, th\u00e9\u00e2tre, projections de films, s\u00e9minaires, conf\u00e9rences\u2026<\/p>\n<p>Rendez-vous d\u00e8s l\u2019ann\u00e9e prochaine\u00a0!<\/p>\n<\/div><\/div><\/div><\/div><\/div>","protected":false},"excerpt":{"rendered":"","protected":false},"author":1,"featured_media":0,"parent":0,"menu_order":0,"comment_status":"closed","ping_status":"closed","template":"","meta":{"footnotes":""},"class_list":["post-760","page","type-page","status-publish","hentry"],"yoast_head":"<!-- This site is optimized with the Yoast SEO plugin v27.3 - https:\/\/yoast.com\/product\/yoast-seo-wordpress\/ -->\n<title>Histoire - Th\u00e9\u00e2tre R\u00e9camier<\/title>\n<meta name=\"robots\" content=\"noindex, follow, max-snippet:-1, max-image-preview:large, max-video-preview:-1\" \/>\n<meta property=\"og:locale\" content=\"fr_FR\" \/>\n<meta property=\"og:type\" content=\"article\" \/>\n<meta property=\"og:title\" content=\"Histoire - Th\u00e9\u00e2tre R\u00e9camier\" \/>\n<meta property=\"og:url\" content=\"https:\/\/theatre-recamier.fr\/index.php\/histoire\/\" \/>\n<meta property=\"og:site_name\" content=\"Th\u00e9\u00e2tre R\u00e9camier\" \/>\n<meta property=\"article:modified_time\" content=\"2026-04-14T08:37:46+00:00\" \/>\n<meta name=\"twitter:card\" content=\"summary_large_image\" \/>\n<meta name=\"twitter:label1\" content=\"Dur\u00e9e de lecture estim\u00e9e\" \/>\n\t<meta name=\"twitter:data1\" content=\"3 minutes\" \/>\n<script type=\"application\/ld+json\" class=\"yoast-schema-graph\">{\"@context\":\"https:\\\/\\\/schema.org\",\"@graph\":[{\"@type\":\"WebPage\",\"@id\":\"https:\\\/\\\/theatre-recamier.fr\\\/index.php\\\/histoire\\\/\",\"url\":\"https:\\\/\\\/theatre-recamier.fr\\\/index.php\\\/histoire\\\/\",\"name\":\"Histoire - Th\u00e9\u00e2tre R\u00e9camier\",\"isPartOf\":{\"@id\":\"https:\\\/\\\/theatre-recamier.fr\\\/#website\"},\"datePublished\":\"2019-03-29T12:45:19+00:00\",\"dateModified\":\"2026-04-14T08:37:46+00:00\",\"breadcrumb\":{\"@id\":\"https:\\\/\\\/theatre-recamier.fr\\\/index.php\\\/histoire\\\/#breadcrumb\"},\"inLanguage\":\"fr-FR\",\"potentialAction\":[{\"@type\":\"ReadAction\",\"target\":[\"https:\\\/\\\/theatre-recamier.fr\\\/index.php\\\/histoire\\\/\"]}]},{\"@type\":\"BreadcrumbList\",\"@id\":\"https:\\\/\\\/theatre-recamier.fr\\\/index.php\\\/histoire\\\/#breadcrumb\",\"itemListElement\":[{\"@type\":\"ListItem\",\"position\":1,\"name\":\"Accueil\",\"item\":\"https:\\\/\\\/theatre-recamier.fr\\\/\"},{\"@type\":\"ListItem\",\"position\":2,\"name\":\"Histoire\"}]},{\"@type\":\"WebSite\",\"@id\":\"https:\\\/\\\/theatre-recamier.fr\\\/#website\",\"url\":\"https:\\\/\\\/theatre-recamier.fr\\\/\",\"name\":\"Th\u00e9\u00e2tre R\u00e9camier\",\"description\":\"\",\"potentialAction\":[{\"@type\":\"SearchAction\",\"target\":{\"@type\":\"EntryPoint\",\"urlTemplate\":\"https:\\\/\\\/theatre-recamier.fr\\\/?s={search_term_string}\"},\"query-input\":{\"@type\":\"PropertyValueSpecification\",\"valueRequired\":true,\"valueName\":\"search_term_string\"}}],\"inLanguage\":\"fr-FR\"}]}<\/script>\n<!-- \/ Yoast SEO plugin. -->","yoast_head_json":{"title":"Histoire - Th\u00e9\u00e2tre R\u00e9camier","robots":{"index":"noindex","follow":"follow","max-snippet":"max-snippet:-1","max-image-preview":"max-image-preview:large","max-video-preview":"max-video-preview:-1"},"og_locale":"fr_FR","og_type":"article","og_title":"Histoire - Th\u00e9\u00e2tre R\u00e9camier","og_url":"https:\/\/theatre-recamier.fr\/index.php\/histoire\/","og_site_name":"Th\u00e9\u00e2tre R\u00e9camier","article_modified_time":"2026-04-14T08:37:46+00:00","twitter_card":"summary_large_image","twitter_misc":{"Dur\u00e9e de lecture estim\u00e9e":"3 minutes"},"schema":{"@context":"https:\/\/schema.org","@graph":[{"@type":"WebPage","@id":"https:\/\/theatre-recamier.fr\/index.php\/histoire\/","url":"https:\/\/theatre-recamier.fr\/index.php\/histoire\/","name":"Histoire - Th\u00e9\u00e2tre R\u00e9camier","isPartOf":{"@id":"https:\/\/theatre-recamier.fr\/#website"},"datePublished":"2019-03-29T12:45:19+00:00","dateModified":"2026-04-14T08:37:46+00:00","breadcrumb":{"@id":"https:\/\/theatre-recamier.fr\/index.php\/histoire\/#breadcrumb"},"inLanguage":"fr-FR","potentialAction":[{"@type":"ReadAction","target":["https:\/\/theatre-recamier.fr\/index.php\/histoire\/"]}]},{"@type":"BreadcrumbList","@id":"https:\/\/theatre-recamier.fr\/index.php\/histoire\/#breadcrumb","itemListElement":[{"@type":"ListItem","position":1,"name":"Accueil","item":"https:\/\/theatre-recamier.fr\/"},{"@type":"ListItem","position":2,"name":"Histoire"}]},{"@type":"WebSite","@id":"https:\/\/theatre-recamier.fr\/#website","url":"https:\/\/theatre-recamier.fr\/","name":"Th\u00e9\u00e2tre R\u00e9camier","description":"","potentialAction":[{"@type":"SearchAction","target":{"@type":"EntryPoint","urlTemplate":"https:\/\/theatre-recamier.fr\/?s={search_term_string}"},"query-input":{"@type":"PropertyValueSpecification","valueRequired":true,"valueName":"search_term_string"}}],"inLanguage":"fr-FR"}]}},"_links":{"self":[{"href":"https:\/\/theatre-recamier.fr\/index.php\/wp-json\/wp\/v2\/pages\/760","targetHints":{"allow":["GET"]}}],"collection":[{"href":"https:\/\/theatre-recamier.fr\/index.php\/wp-json\/wp\/v2\/pages"}],"about":[{"href":"https:\/\/theatre-recamier.fr\/index.php\/wp-json\/wp\/v2\/types\/page"}],"author":[{"embeddable":true,"href":"https:\/\/theatre-recamier.fr\/index.php\/wp-json\/wp\/v2\/users\/1"}],"replies":[{"embeddable":true,"href":"https:\/\/theatre-recamier.fr\/index.php\/wp-json\/wp\/v2\/comments?post=760"}],"version-history":[{"count":19,"href":"https:\/\/theatre-recamier.fr\/index.php\/wp-json\/wp\/v2\/pages\/760\/revisions"}],"predecessor-version":[{"id":1161,"href":"https:\/\/theatre-recamier.fr\/index.php\/wp-json\/wp\/v2\/pages\/760\/revisions\/1161"}],"wp:attachment":[{"href":"https:\/\/theatre-recamier.fr\/index.php\/wp-json\/wp\/v2\/media?parent=760"}],"curies":[{"name":"wp","href":"https:\/\/api.w.org\/{rel}","templated":true}]}}